{"id":141,"date":"2025-08-01T08:48:34","date_gmt":"2025-08-01T08:48:34","guid":{"rendered":"https:\/\/2bewater-resources.eu\/?page_id=141"},"modified":"2025-10-27T09:23:54","modified_gmt":"2025-10-27T09:23:54","slug":"workbook","status":"publish","type":"page","link":"https:\/\/2bewater-resources.eu\/es\/workbook\/","title":{"rendered":"Cuaderno de trabajo"},"content":{"rendered":"<div data-elementor-type=\"wp-page\" data-elementor-id=\"141\" class=\"elementor elementor-141\" data-elementor-post-type=\"page\">\n\t\t\t\t<div class=\"elementor-element elementor-element-86c0d06 e-con-full e-flex e-con e-parent\" data-id=\"86c0d06\" data-element_type=\"container\" data-e-type=\"container\" data-settings=\"{&quot;background_background&quot;:&quot;classic&quot;}\">\n\t\t\t\t<div class=\"elementor-element elementor-element-80f666b elementor-invisible elementor-widget elementor-widget-heading\" data-id=\"80f666b\" data-element_type=\"widget\" data-e-type=\"widget\" data-settings=\"{&quot;_animation&quot;:&quot;fadeInDown&quot;}\" data-widget_type=\"heading.default\">\n\t\t\t\t\t<h1 class=\"elementor-heading-title elementor-size-default\">Cuaderno de trabajo BE WATER<\/h1>\t\t\t\t<\/div>\n\t\t\t\t<\/div>\n\t\t<div class=\"elementor-element elementor-element-f7425eb e-flex e-con-boxed e-con e-parent\" data-id=\"f7425eb\" data-element_type=\"container\" data-e-type=\"container\">\n\t\t\t\t\t<div class=\"e-con-inner\">\n\t\t<div class=\"elementor-element elementor-element-876af5b e-con-full e-flex e-con e-child\" data-id=\"876af5b\" data-element_type=\"container\" data-e-type=\"container\">\n\t\t\t\t<div class=\"elementor-element elementor-element-81e7e23 elementor-align-center elementor-tablet-align-left elementor-mobile-align-justify elementor-widget-tablet__width-auto elementor-widget-mobile__width-inherit elementor-widget elementor-widget-button\" data-id=\"81e7e23\" data-element_type=\"widget\" data-e-type=\"widget\" data-widget_type=\"button.default\">\n\t\t\t\t\t\t\t\t\t\t<a class=\"elementor-button elementor-button-link elementor-size-sm\" href=\"https:\/\/2bewater-resources.eu\/wp-content\/uploads\/2025\/08\/BE-WATER-WorkBook_ES-UPDATED.pdf\" target=\"_blank\">\n\t\t\t\t\t\t<span class=\"elementor-button-content-wrapper\">\n\t\t\t\t\t\t<span class=\"elementor-button-icon\">\n\t\t\t\t<svg aria-hidden=\"true\" class=\"e-font-icon-svg e-far-arrow-alt-circle-right\" viewbox=\"0 0 512 512\" xmlns=\"http:\/\/www.w3.org\/2000\/svg\"><path d=\"M504 256C504 119 393 8 256 8S8 119 8 256s111 248 248 248 248-111 248-248zm-448 0c0-110.5 89.5-200 200-200s200 89.5 200 200-89.5 200-200 200S56 366.5 56 256zm72 20v-40c0-6.6 5.4-12 12-12h116v-67c0-10.7 12.9-16 20.5-8.5l99 99c4.7 4.7 4.7 12.3 0 17l-99 99c-7.6 7.6-20.5 2.2-20.5-8.5v-67H140c-6.6 0-12-5.4-12-12z\"><\/path><\/svg>\t\t\t<\/span>\n\t\t\t\t\t\t\t\t\t<span class=\"elementor-button-text\">Abrir libro de trabajo<\/span>\n\t\t\t\t\t<\/span>\n\t\t\t\t\t<\/a>\n\t\t\t\t\t\t\t\t<\/div>\n\t\t\t\t<div class=\"elementor-element elementor-element-4e0f698 elementor-align-center elementor-tablet-align-left elementor-mobile-align-justify elementor-widget-tablet__width-auto elementor-widget-mobile__width-inherit elementor-widget elementor-widget-button\" data-id=\"4e0f698\" data-element_type=\"widget\" data-e-type=\"widget\" data-widget_type=\"button.default\">\n\t\t\t\t\t\t\t\t\t\t<a class=\"elementor-button elementor-button-link elementor-size-sm\" href=\"https:\/\/2bewater-resources.eu\/wp-content\/uploads\/2025\/08\/BE-WATER-WorkBook_ES-UPDATED.pdf\" download=\"BE WATER Workbook\">\n\t\t\t\t\t\t<span class=\"elementor-button-content-wrapper\">\n\t\t\t\t\t\t<span class=\"elementor-button-icon\">\n\t\t\t\t<svg aria-hidden=\"true\" class=\"e-font-icon-svg e-far-arrow-alt-circle-down\" viewbox=\"0 0 512 512\" xmlns=\"http:\/\/www.w3.org\/2000\/svg\"><path d=\"M256 8C119 8 8 119 8 256s111 248 248 248 248-111 248-248S393 8 256 8zm0 448c-110.5 0-200-89.5-200-200S145.5 56 256 56s200 89.5 200 200-89.5 200-200 200zm-32-316v116h-67c-10.7 0-16 12.9-8.5 20.5l99 99c4.7 4.7 12.3 4.7 17 0l99-99c7.6-7.6 2.2-20.5-8.5-20.5h-67V140c0-6.6-5.4-12-12-12h-40c-6.6 0-12 5.4-12 12z\"><\/path><\/svg>\t\t\t<\/span>\n\t\t\t\t\t\t\t\t\t<span class=\"elementor-button-text\">Descargar libro de ejercicios<\/span>\n\t\t\t\t\t<\/span>\n\t\t\t\t\t<\/a>\n\t\t\t\t\t\t\t\t<\/div>\n\t\t\t\t<\/div>\n\t\t<div class=\"elementor-element elementor-element-906a51c e-con-full e-flex e-con e-child\" data-id=\"906a51c\" data-element_type=\"container\" data-e-type=\"container\">\n\t\t\t\t<div class=\"elementor-element elementor-element-6b03bfb elementor-widget elementor-widget-heading\" data-id=\"6b03bfb\" data-element_type=\"widget\" data-e-type=\"widget\" data-widget_type=\"heading.default\">\n\t\t\t\t\t<h2 class=\"elementor-heading-title elementor-size-default\">Introducci\u00f3n<\/h2>\t\t\t\t<\/div>\n\t\t\t\t<div class=\"elementor-element elementor-element-49fed0c elementor-widget elementor-widget-text-editor\" data-id=\"49fed0c\" data-element_type=\"widget\" data-e-type=\"widget\" data-widget_type=\"text-editor.default\">\n\t\t\t\t\t\t\t\t\t<p>BE WATER ayuda a reducir el impacto ambiental de los campamentos juveniles en las cuencas\nhidrogr\u00e1ficas y empodera a los participantes y profesionales j\u00f3venes como actores activos en el proceso, para que se conviertan en agentes activos de cambio para que los campamentos\nmantengan el equilibrio ecol\u00f3gico y preserven la biodiversidad, proporcionando h\u00e1bitats y sustento para muchas especies, y asegurando los recursos h\u00eddricos y su calidad, a trav\u00e9s de la reducci\u00f3n de la contaminaci\u00f3n, la disminuci\u00f3n de la alteraci\u00f3n del ciclo natural del agua, y dejando un legado positivo para el medio ambiente y la sociedad.<\/p><p>BE WATER desarrolla un cuadernillo para organizaciones y profesionales activos en la organizaci\u00f3n de los campamentos mencionados, gui\u00e1ndolos sobre c\u00f3mo hacer sus actividades m\u00e1s sostenibles\ny reducir el impacto ambiental. Tambi\u00e9n desarrolla un kit de actividades para organizaciones y profesionales activos en la organizaci\u00f3n de campamentos relacionados con el agua, para empoderar a sus (potenciales) participantes para que se conviertan en agentes activos de cambio antes, durante y despu\u00e9s de estos campamentos.<\/p><p>El presente cuadernillo se basa en una investigaci\u00f3n documental que involucra literatura relevante y pr\u00e1cticas y experiencias:<\/p><ul><li>Identificaci\u00f3n de las necesidades y desaf\u00edos que enfrentan los profesionales\nj\u00f3venes.<\/li><li>Empoderamiento de los j\u00f3venes para que se conviertan en agentes activos de cambio en\nrelaci\u00f3n con la sostenibilidad\/circularidad.<\/li><\/ul><p>Con entrevistas exhaustivas y guiadas, los socios profundizaron en una comprensi\u00f3n basada en hechos y pruebas respecto a las realidades que existen al organizar este tipo de eventos y los obst\u00e1culos relacionados con su sostenibilidad y circularidad. Las otras formas de investigaci\u00f3n primaria fueron las encuestas en l\u00ednea, que estuvieron dirigidas tanto a profesionales j\u00f3venes como a participantes j\u00f3venes de Hungr\u00eda, Espa\u00f1a y de toda Europa. Por lo tanto, el equipo identific\u00f3 obst\u00e1culos, \u00e1reas de especializaci\u00f3n y preferencias para los recursos de aprendizaje.<\/p>\t\t\t\t\t\t\t\t<\/div>\n\t\t\t\t<\/div>\n\t\t\t\t\t<\/div>\n\t\t\t\t<\/div>\n\t\t\t\t<\/div>","protected":false},"excerpt":{"rendered":"<p>BE WATER WORKBOOK Open Workbook Download Workbook Introduction BE WATER helps reducing the environmental impact of youth camps on water [&hellip;]<\/p>\n","protected":false},"author":1,"featured_media":0,"parent":0,"menu_order":0,"comment_status":"closed","ping_status":"closed","template":"","meta":{"site-sidebar-layout":"no-sidebar","site-content-layout":"","ast-site-content-layout":"full-width-container","site-content-style":"default","site-sidebar-style":"default","ast-global-header-display":"","ast-banner-title-visibility":"","ast-main-header-display":"","ast-hfb-above-header-display":"","ast-hfb-below-header-display":"","ast-hfb-mobile-header-display":"","site-post-title":"disabled","ast-breadcrumbs-content":"","ast-featured-img":"disabled","footer-sml-layout":"","theme-transparent-header-meta":"","adv-header-id-meta":"","stick-header-meta":"","header-above-stick-meta":"","header-main-stick-meta":"","header-below-stick-meta":"","astra-migrate-meta-layouts":"default","ast-page-background-enabled":"default","ast-page-background-meta":{"desktop":{"background-color":"var(--ast-global-color-5)","background-image":"","background-repeat":"repeat","background-position":"center center","background-size":"auto","background-attachment":"scroll","background-type":"","background-media":"","overlay-type":"","overlay-color":"","overlay-opacity":"","overlay-gradient":""},"tablet":{"background-color":"","background-image":"","background-repeat":"repeat","background-position":"center center","background-size":"auto","background-attachment":"scroll","background-type":"","background-media":"","overlay-type":"","overlay-color":"","overlay-opacity":"","overlay-gradient":""},"mobile":{"background-color":"","background-image":"","background-repeat":"repeat","background-position":"center center","background-size":"auto","background-attachment":"scroll","background-type":"","background-media":"","overlay-type":"","overlay-color":"","overlay-opacity":"","overlay-gradient":""}},"ast-content-background-meta":{"desktop":{"background-color":"var(--ast-global-color-4)","background-image":"","background-repeat":"repeat","background-position":"center center","background-size":"auto","background-attachment":"scroll","background-type":"","background-media":"","overlay-type":"","overlay-color":"","overlay-opacity":"","overlay-gradient":""},"tablet":{"background-color":"var(--ast-global-color-4)","background-image":"","background-repeat":"repeat","background-position":"center center","background-size":"auto","background-attachment":"scroll","background-type":"","background-media":"","overlay-type":"","overlay-color":"","overlay-opacity":"","overlay-gradient":""},"mobile":{"background-color":"var(--ast-global-color-4)","background-image":"","background-repeat":"repeat","background-position":"center center","background-size":"auto","background-attachment":"scroll","background-type":"","background-media":"","overlay-type":"","overlay-color":"","overlay-opacity":"","overlay-gradient":""}},"footnotes":""},"class_list":["post-141","page","type-page","status-publish","hentry"],"_links":{"self":[{"href":"https:\/\/2bewater-resources.eu\/es\/wp-json\/wp\/v2\/pages\/141","targetHints":{"allow":["GET"]}}],"collection":[{"href":"https:\/\/2bewater-resources.eu\/es\/wp-json\/wp\/v2\/pages"}],"about":[{"href":"https:\/\/2bewater-resources.eu\/es\/wp-json\/wp\/v2\/types\/page"}],"author":[{"embeddable":true,"href":"https:\/\/2bewater-resources.eu\/es\/wp-json\/wp\/v2\/users\/1"}],"replies":[{"embeddable":true,"href":"https:\/\/2bewater-resources.eu\/es\/wp-json\/wp\/v2\/comments?post=141"}],"version-history":[{"count":28,"href":"https:\/\/2bewater-resources.eu\/es\/wp-json\/wp\/v2\/pages\/141\/revisions"}],"predecessor-version":[{"id":394,"href":"https:\/\/2bewater-resources.eu\/es\/wp-json\/wp\/v2\/pages\/141\/revisions\/394"}],"wp:attachment":[{"href":"https:\/\/2bewater-resources.eu\/es\/wp-json\/wp\/v2\/media?parent=141"}],"curies":[{"name":"wp","href":"https:\/\/api.w.org\/{rel}","templated":true}]}}