{"id":141,"date":"2025-08-01T08:48:34","date_gmt":"2025-08-01T08:48:34","guid":{"rendered":"https:\/\/2bewater-resources.eu\/?page_id=141"},"modified":"2025-10-27T09:23:54","modified_gmt":"2025-10-27T09:23:54","slug":"workbook","status":"publish","type":"page","link":"https:\/\/2bewater-resources.eu\/hu\/workbook\/","title":{"rendered":"Munkaf\u00fczet"},"content":{"rendered":"<div data-elementor-type=\"wp-page\" data-elementor-id=\"141\" class=\"elementor elementor-141\" data-elementor-post-type=\"page\">\n\t\t\t\t<div class=\"elementor-element elementor-element-86c0d06 e-con-full e-flex e-con e-parent\" data-id=\"86c0d06\" data-element_type=\"container\" data-e-type=\"container\" data-settings=\"{&quot;background_background&quot;:&quot;classic&quot;}\">\n\t\t\t\t<div class=\"elementor-element elementor-element-80f666b elementor-invisible elementor-widget elementor-widget-heading\" data-id=\"80f666b\" data-element_type=\"widget\" data-e-type=\"widget\" data-settings=\"{&quot;_animation&quot;:&quot;fadeInDown&quot;}\" data-widget_type=\"heading.default\">\n\t\t\t\t\t<h1 class=\"elementor-heading-title elementor-size-default\">BE WATER Workbook\/Munkaf\u00fczet<\/h1>\t\t\t\t<\/div>\n\t\t\t\t<\/div>\n\t\t<div class=\"elementor-element elementor-element-f7425eb e-flex e-con-boxed e-con e-parent\" data-id=\"f7425eb\" data-element_type=\"container\" data-e-type=\"container\">\n\t\t\t\t\t<div class=\"e-con-inner\">\n\t\t<div class=\"elementor-element elementor-element-876af5b e-con-full e-flex e-con e-child\" data-id=\"876af5b\" data-element_type=\"container\" data-e-type=\"container\">\n\t\t\t\t<div class=\"elementor-element elementor-element-81e7e23 elementor-align-center elementor-tablet-align-left elementor-mobile-align-justify elementor-widget-tablet__width-auto elementor-widget-mobile__width-inherit elementor-widget elementor-widget-button\" data-id=\"81e7e23\" data-element_type=\"widget\" data-e-type=\"widget\" data-widget_type=\"button.default\">\n\t\t\t\t\t\t\t\t\t\t<a class=\"elementor-button elementor-button-link elementor-size-sm\" href=\"https:\/\/2bewater-resources.eu\/wp-content\/uploads\/2025\/08\/BE-WATER-Workbook_HU-UPDATED.pdf\" target=\"_blank\">\n\t\t\t\t\t\t<span class=\"elementor-button-content-wrapper\">\n\t\t\t\t\t\t<span class=\"elementor-button-icon\">\n\t\t\t\t<svg aria-hidden=\"true\" class=\"e-font-icon-svg e-far-arrow-alt-circle-right\" viewbox=\"0 0 512 512\" xmlns=\"http:\/\/www.w3.org\/2000\/svg\"><path d=\"M504 256C504 119 393 8 256 8S8 119 8 256s111 248 248 248 248-111 248-248zm-448 0c0-110.5 89.5-200 200-200s200 89.5 200 200-89.5 200-200 200S56 366.5 56 256zm72 20v-40c0-6.6 5.4-12 12-12h116v-67c0-10.7 12.9-16 20.5-8.5l99 99c4.7 4.7 4.7 12.3 0 17l-99 99c-7.6 7.6-20.5 2.2-20.5-8.5v-67H140c-6.6 0-12-5.4-12-12z\"><\/path><\/svg>\t\t\t<\/span>\n\t\t\t\t\t\t\t\t\t<span class=\"elementor-button-text\">Munkaf\u00fczet megnyit\u00e1sa<\/span>\n\t\t\t\t\t<\/span>\n\t\t\t\t\t<\/a>\n\t\t\t\t\t\t\t\t<\/div>\n\t\t\t\t<div class=\"elementor-element elementor-element-4e0f698 elementor-align-center elementor-tablet-align-left elementor-mobile-align-justify elementor-widget-tablet__width-auto elementor-widget-mobile__width-inherit elementor-widget elementor-widget-button\" data-id=\"4e0f698\" data-element_type=\"widget\" data-e-type=\"widget\" data-widget_type=\"button.default\">\n\t\t\t\t\t\t\t\t\t\t<a class=\"elementor-button elementor-button-link elementor-size-sm\" href=\"https:\/\/2bewater-resources.eu\/wp-content\/uploads\/2025\/08\/BE-WATER-Workbook_HU-UPDATED.pdf\" download=\"BE WATER Workbook\">\n\t\t\t\t\t\t<span class=\"elementor-button-content-wrapper\">\n\t\t\t\t\t\t<span class=\"elementor-button-icon\">\n\t\t\t\t<svg aria-hidden=\"true\" class=\"e-font-icon-svg e-far-arrow-alt-circle-down\" viewbox=\"0 0 512 512\" xmlns=\"http:\/\/www.w3.org\/2000\/svg\"><path d=\"M256 8C119 8 8 119 8 256s111 248 248 248 248-111 248-248S393 8 256 8zm0 448c-110.5 0-200-89.5-200-200S145.5 56 256 56s200 89.5 200 200-89.5 200-200 200zm-32-316v116h-67c-10.7 0-16 12.9-8.5 20.5l99 99c4.7 4.7 12.3 4.7 17 0l99-99c7.6-7.6 2.2-20.5-8.5-20.5h-67V140c0-6.6-5.4-12-12-12h-40c-6.6 0-12 5.4-12 12z\"><\/path><\/svg>\t\t\t<\/span>\n\t\t\t\t\t\t\t\t\t<span class=\"elementor-button-text\">Munkaf\u00fczet let\u00f6lt\u00e9se<\/span>\n\t\t\t\t\t<\/span>\n\t\t\t\t\t<\/a>\n\t\t\t\t\t\t\t\t<\/div>\n\t\t\t\t<\/div>\n\t\t<div class=\"elementor-element elementor-element-906a51c e-con-full e-flex e-con e-child\" data-id=\"906a51c\" data-element_type=\"container\" data-e-type=\"container\">\n\t\t\t\t<div class=\"elementor-element elementor-element-6b03bfb elementor-widget elementor-widget-heading\" data-id=\"6b03bfb\" data-element_type=\"widget\" data-e-type=\"widget\" data-widget_type=\"heading.default\">\n\t\t\t\t\t<h2 class=\"elementor-heading-title elementor-size-default\">Bevezet\u00e9s<\/h2>\t\t\t\t<\/div>\n\t\t\t\t<div class=\"elementor-element elementor-element-49fed0c elementor-widget elementor-widget-text-editor\" data-id=\"49fed0c\" data-element_type=\"widget\" data-e-type=\"widget\" data-widget_type=\"text-editor.default\">\n\t\t\t\t\t\t\t\t\t<p>A BE WATER seg\u00edt cs\u00f6kkenteni az ifj\u00fas\u00e1gi t\u00e1borok k\u00f6rnyezeti hat\u00e1s\u00e1t a v\u00edzmedenc\u00e9kben, \u00e9s a r\u00e9sztvev\u0151ket \u00e9s az ifj\u00fas\u00e1gi szakembereket a folyamat akt\u00edv szerepl\u0151iv\u00e9 teszi, \u00e9s a t\u00e1borok akt\u00edv v\u00e1ltoz\u00e1si \u00fcgyn\u00f6keiv\u00e9 v\u00e1lnak az \u00f6kol\u00f3giai egyens\u00faly fenntart\u00e1sa \u00e9s a biodiverzit\u00e1s meg\u0151rz\u00e9se \u00e9rdek\u00e9ben, \u00e9l\u0151helyet \u00e9s t\u00e1pl\u00e1l\u00e9kot biztos\u00edtva sz\u00e1mos faj sz\u00e1m\u00e1ra, valamint biztos\u00edtva a v\u00edzk\u00e9szleteket \u00e9s a v\u00edzmin\u0151s\u00e9get a szennyez\u00e9s cs\u00f6kkent\u00e9se r\u00e9v\u00e9n. a term\u00e9szetes v\u00edzk\u00f6rforg\u00e1s megzavar\u00e1s\u00e1nak cs\u00f6kkent\u00e9se, pozit\u00edv \u00f6r\u00f6ks\u00e9get hagy a k\u00f6rnyezet \u00e9s a t\u00e1rsadalom sz\u00e1m\u00e1ra.<\/p><p>A BE WATER munkaf\u00fczetet k\u00e9sz\u00edt a fent eml\u00edtett t\u00e1bort\u00edpusok szervez\u00e9s\u00e9ben tev\u00e9kenyked\u0151 szervezetek \u00e9s szakemberek sz\u00e1m\u00e1ra, amely \u00fatmutat\u00e1st ny\u00fajt sz\u00e1mukra ahhoz, hogyan tehetik tev\u00e9kenys\u00e9g\u00fcket fenntarthat\u00f3bb\u00e1 \u00e9s cs\u00f6kkenthetik a k\u00f6rnyezeti hat\u00e1sokat. Emellett kidolgoz egy tev\u00e9kenys\u00e9gi eszk\u00f6zt\u00e1rat a v\u00edzzel kapcsolatos t\u00e1borok szervez\u00e9s\u00e9ben r\u00e9szt vev\u0151 szervezetek \u00e9s szakemberek sz\u00e1m\u00e1ra, hogy k\u00e9pess\u00e9 tegye (potenci\u00e1lis) r\u00e9sztvev\u0151iket arra, hogy a t\u00e1borok el\u0151tt, alatt \u00e9s ut\u00e1n a v\u00e1ltoz\u00e1s akt\u00edv szerepl\u0151iv\u00e9 v\u00e1ljanak.<\/p><p>Ez a munkaf\u00fczet a relev\u00e1ns szakirodalmat, gyakorlatokat \u00e9s tapasztalatokat mag\u00e1ban foglal\u00f3 dokument\u00e1ci\u00f3s kutat\u00e1son alapul:<\/p><ul><li>az ifj\u00fas\u00e1gi szakemberek ig\u00e9nyeinek \u00e9s kih\u00edv\u00e1sainak azonos\u00edt\u00e1sa<\/li><li>a fiatalok k\u00e9pess\u00e9 t\u00e9tele arra, hogy a fenntarthat\u00f3s\u00e1ggal\/k\u00f6rforg\u00e1sos gazdas\u00e1ggal kapcsolatos v\u00e1ltoz\u00e1s akt\u00edv szerepl\u0151iv\u00e9 v\u00e1ljanak.<\/li><\/ul><p>A partnerek m\u00e9lyinterj\u00fakkal m\u00e9lyrehat\u00f3 interj\u00fakkal m\u00e9ly\u00fcltek el az ilyen jelleg\u0171 rendezv\u00e9nyek szervez\u00e9s\u00e9nek val\u00f3s\u00e1g\u00e1ban, valamint a fenntarthat\u00f3s\u00e1ggal \u00e9s k\u00f6rforg\u00e1soss\u00e1ggal kapcsolatos akad\u00e1lyok t\u00e9nyszer\u0171 \u00e9s bizony\u00edt\u00e9kokon alapul\u00f3 meg\u00e9rt\u00e9s\u00e9ben. A kutat\u00e1s m\u00e1sik els\u0151dleges form\u00e1ja az online felm\u00e9r\u00e9s volt, amely Magyarorsz\u00e1gr\u00f3l, Spanyolorsz\u00e1gb\u00f3l \u00e9s Eur\u00f3pa-szerte ifj\u00fas\u00e1gi szakembereket \u00e9s ifj\u00fas\u00e1gi r\u00e9sztvev\u0151ket c\u00e9lzott meg. Ez\u00e9rt a csapat azonos\u00edtotta az akad\u00e1lyokat, a szakter\u00fcleteket \u00e9s a tanul\u00e1si forr\u00e1sok preferenci\u00e1it.<\/p>\t\t\t\t\t\t\t\t<\/div>\n\t\t\t\t<\/div>\n\t\t\t\t\t<\/div>\n\t\t\t\t<\/div>\n\t\t\t\t<\/div>","protected":false},"excerpt":{"rendered":"<p>BE WATER WORKBOOK Open Workbook Download Workbook Introduction BE WATER helps reducing the environmental impact of youth camps on water [&hellip;]<\/p>\n","protected":false},"author":1,"featured_media":0,"parent":0,"menu_order":0,"comment_status":"closed","ping_status":"closed","template":"","meta":{"site-sidebar-layout":"no-sidebar","site-content-layout":"","ast-site-content-layout":"full-width-container","site-content-style":"default","site-sidebar-style":"default","ast-global-header-display":"","ast-banner-title-visibility":"","ast-main-header-display":"","ast-hfb-above-header-display":"","ast-hfb-below-header-display":"","ast-hfb-mobile-header-display":"","site-post-title":"disabled","ast-breadcrumbs-content":"","ast-featured-img":"disabled","footer-sml-layout":"","theme-transparent-header-meta":"","adv-header-id-meta":"","stick-header-meta":"","header-above-stick-meta":"","header-main-stick-meta":"","header-below-stick-meta":"","astra-migrate-meta-layouts":"default","ast-page-background-enabled":"default","ast-page-background-meta":{"desktop":{"background-color":"var(--ast-global-color-5)","background-image":"","background-repeat":"repeat","background-position":"center center","background-size":"auto","background-attachment":"scroll","background-type":"","background-media":"","overlay-type":"","overlay-color":"","overlay-opacity":"","overlay-gradient":""},"tablet":{"background-color":"","background-image":"","background-repeat":"repeat","background-position":"center center","background-size":"auto","background-attachment":"scroll","background-type":"","background-media":"","overlay-type":"","overlay-color":"","overlay-opacity":"","overlay-gradient":""},"mobile":{"background-color":"","background-image":"","background-repeat":"repeat","background-position":"center center","background-size":"auto","background-attachment":"scroll","background-type":"","background-media":"","overlay-type":"","overlay-color":"","overlay-opacity":"","overlay-gradient":""}},"ast-content-background-meta":{"desktop":{"background-color":"var(--ast-global-color-4)","background-image":"","background-repeat":"repeat","background-position":"center center","background-size":"auto","background-attachment":"scroll","background-type":"","background-media":"","overlay-type":"","overlay-color":"","overlay-opacity":"","overlay-gradient":""},"tablet":{"background-color":"var(--ast-global-color-4)","background-image":"","background-repeat":"repeat","background-position":"center center","background-size":"auto","background-attachment":"scroll","background-type":"","background-media":"","overlay-type":"","overlay-color":"","overlay-opacity":"","overlay-gradient":""},"mobile":{"background-color":"var(--ast-global-color-4)","background-image":"","background-repeat":"repeat","background-position":"center center","background-size":"auto","background-attachment":"scroll","background-type":"","background-media":"","overlay-type":"","overlay-color":"","overlay-opacity":"","overlay-gradient":""}},"footnotes":""},"class_list":["post-141","page","type-page","status-publish","hentry"],"_links":{"self":[{"href":"https:\/\/2bewater-resources.eu\/hu\/wp-json\/wp\/v2\/pages\/141","targetHints":{"allow":["GET"]}}],"collection":[{"href":"https:\/\/2bewater-resources.eu\/hu\/wp-json\/wp\/v2\/pages"}],"about":[{"href":"https:\/\/2bewater-resources.eu\/hu\/wp-json\/wp\/v2\/types\/page"}],"author":[{"embeddable":true,"href":"https:\/\/2bewater-resources.eu\/hu\/wp-json\/wp\/v2\/users\/1"}],"replies":[{"embeddable":true,"href":"https:\/\/2bewater-resources.eu\/hu\/wp-json\/wp\/v2\/comments?post=141"}],"version-history":[{"count":28,"href":"https:\/\/2bewater-resources.eu\/hu\/wp-json\/wp\/v2\/pages\/141\/revisions"}],"predecessor-version":[{"id":394,"href":"https:\/\/2bewater-resources.eu\/hu\/wp-json\/wp\/v2\/pages\/141\/revisions\/394"}],"wp:attachment":[{"href":"https:\/\/2bewater-resources.eu\/hu\/wp-json\/wp\/v2\/media?parent=141"}],"curies":[{"name":"wp","href":"https:\/\/api.w.org\/{rel}","templated":true}]}}